{"id":90439,"date":"2026-04-26T14:28:36","date_gmt":"2026-04-26T17:28:36","guid":{"rendered":"https:\/\/sunsea.net.ar\/s\/?post_type=product&#038;p=90439"},"modified":"2026-04-29T12:50:28","modified_gmt":"2026-04-29T15:50:28","slug":"pantalon-palazzo-rustico-ancho-con-elastico-en-cintura-negro-lavado","status":"publish","type":"product","link":"https:\/\/sunsea.net.ar\/s\/product\/pantalon-palazzo-rustico-ancho-con-elastico-en-cintura-negro-lavado\/","title":{"rendered":"Pantal\u00f3n palazzo r\u00fastico ancho con el\u00e1stico en cintura &#8211; NEGRO LAVADO"},"content":{"rendered":"","protected":false},"excerpt":{"rendered":"","protected":false},"featured_media":90440,"comment_status":"open","ping_status":"closed","template":"","meta":[],"product_brand":[],"product_cat":[51,52,69],"product_tag":[],"class_list":{"0":"post-90439","1":"product","2":"type-product","3":"status-publish","4":"has-post-thumbnail","6":"product_cat-by-cinthia-fernandez","7":"product_cat-tiempo-libre","8":"product_cat-calzas-pantalones","10":"first","11":"instock","12":"shipping-taxable","13":"purchasable","14":"product-type-variable"},"_links":{"self":[{"href":"https:\/\/sunsea.net.ar\/s\/wp-json\/wp\/v2\/product\/90439","targetHints":{"allow":["GET"]}}],"collection":[{"href":"https:\/\/sunsea.net.ar\/s\/wp-json\/wp\/v2\/product"}],"about":[{"href":"https:\/\/sunsea.net.ar\/s\/wp-json\/wp\/v2\/types\/product"}],"replies":[{"embeddable":true,"href":"https:\/\/sunsea.net.ar\/s\/wp-json\/wp\/v2\/comments?post=90439"}],"wp:featuredmedia":[{"embeddable":true,"href":"https:\/\/sunsea.net.ar\/s\/wp-json\/wp\/v2\/media\/90440"}],"wp:attachment":[{"href":"https:\/\/sunsea.net.ar\/s\/wp-json\/wp\/v2\/media?parent=90439"}],"wp:term":[{"taxonomy":"product_brand","embeddable":true,"href":"https:\/\/sunsea.net.ar\/s\/wp-json\/wp\/v2\/product_brand?post=90439"},{"taxonomy":"product_cat","embeddable":true,"href":"https:\/\/sunsea.net.ar\/s\/wp-json\/wp\/v2\/product_cat?post=90439"},{"taxonomy":"product_tag","embeddable":true,"href":"https:\/\/sunsea.net.ar\/s\/wp-json\/wp\/v2\/product_tag?post=90439"}],"curies":[{"name":"wp","href":"https:\/\/api.w.org\/{rel}","templated":true}]}}