{"id":90047,"date":"2026-04-16T03:39:16","date_gmt":"2026-04-16T06:39:16","guid":{"rendered":"https:\/\/sunsea.net.ar\/s\/?post_type=product&#038;p=90047"},"modified":"2026-04-16T03:39:16","modified_gmt":"2026-04-16T06:39:16","slug":"pantalon-frisado-clasico-con-puno-y-cintura-alta-negro","status":"publish","type":"product","link":"https:\/\/sunsea.net.ar\/s\/product\/pantalon-frisado-clasico-con-puno-y-cintura-alta-negro\/","title":{"rendered":"Pantal\u00f3n frisado cl\u00e1sico con pu\u00f1o y cintura alta &#8211; NEGRO"},"content":{"rendered":"","protected":false},"excerpt":{"rendered":"","protected":false},"featured_media":90048,"comment_status":"open","ping_status":"closed","template":"","meta":[],"product_brand":[],"product_cat":[51,52,69],"product_tag":[],"class_list":{"0":"post-90047","1":"product","2":"type-product","3":"status-publish","4":"has-post-thumbnail","6":"product_cat-by-cinthia-fernandez","7":"product_cat-tiempo-libre","8":"product_cat-calzas-pantalones","10":"first","11":"instock","12":"shipping-taxable","13":"purchasable","14":"product-type-variable"},"_links":{"self":[{"href":"https:\/\/sunsea.net.ar\/s\/wp-json\/wp\/v2\/product\/90047","targetHints":{"allow":["GET"]}}],"collection":[{"href":"https:\/\/sunsea.net.ar\/s\/wp-json\/wp\/v2\/product"}],"about":[{"href":"https:\/\/sunsea.net.ar\/s\/wp-json\/wp\/v2\/types\/product"}],"replies":[{"embeddable":true,"href":"https:\/\/sunsea.net.ar\/s\/wp-json\/wp\/v2\/comments?post=90047"}],"wp:featuredmedia":[{"embeddable":true,"href":"https:\/\/sunsea.net.ar\/s\/wp-json\/wp\/v2\/media\/90048"}],"wp:attachment":[{"href":"https:\/\/sunsea.net.ar\/s\/wp-json\/wp\/v2\/media?parent=90047"}],"wp:term":[{"taxonomy":"product_brand","embeddable":true,"href":"https:\/\/sunsea.net.ar\/s\/wp-json\/wp\/v2\/product_brand?post=90047"},{"taxonomy":"product_cat","embeddable":true,"href":"https:\/\/sunsea.net.ar\/s\/wp-json\/wp\/v2\/product_cat?post=90047"},{"taxonomy":"product_tag","embeddable":true,"href":"https:\/\/sunsea.net.ar\/s\/wp-json\/wp\/v2\/product_tag?post=90047"}],"curies":[{"name":"wp","href":"https:\/\/api.w.org\/{rel}","templated":true}]}}