{"id":89048,"date":"2026-03-11T06:42:55","date_gmt":"2026-03-11T09:42:55","guid":{"rendered":"https:\/\/sunsea.net.ar\/s\/?post_type=product&#038;p=89048"},"modified":"2026-05-04T14:46:24","modified_gmt":"2026-05-04T17:46:24","slug":"pantalon-palazzo-frisado-super-ancho-con-elastico-en-cintura-y-cordon-negro","status":"publish","type":"product","link":"https:\/\/sunsea.net.ar\/s\/product\/pantalon-palazzo-frisado-super-ancho-con-elastico-en-cintura-y-cordon-negro\/","title":{"rendered":"Pantal\u00f3n palazzo frisado super ancho con el\u00e1stico en cintura y cord\u00f3n &#8211; NEGRO"},"content":{"rendered":"","protected":false},"excerpt":{"rendered":"","protected":false},"featured_media":89049,"comment_status":"open","ping_status":"closed","template":"","meta":[],"product_brand":[],"product_cat":[51,52,69],"product_tag":[],"class_list":{"0":"post-89048","1":"product","2":"type-product","3":"status-publish","4":"has-post-thumbnail","6":"product_cat-by-cinthia-fernandez","7":"product_cat-tiempo-libre","8":"product_cat-calzas-pantalones","10":"first","11":"instock","12":"shipping-taxable","13":"purchasable","14":"product-type-variable"},"_links":{"self":[{"href":"https:\/\/sunsea.net.ar\/s\/wp-json\/wp\/v2\/product\/89048","targetHints":{"allow":["GET"]}}],"collection":[{"href":"https:\/\/sunsea.net.ar\/s\/wp-json\/wp\/v2\/product"}],"about":[{"href":"https:\/\/sunsea.net.ar\/s\/wp-json\/wp\/v2\/types\/product"}],"replies":[{"embeddable":true,"href":"https:\/\/sunsea.net.ar\/s\/wp-json\/wp\/v2\/comments?post=89048"}],"wp:featuredmedia":[{"embeddable":true,"href":"https:\/\/sunsea.net.ar\/s\/wp-json\/wp\/v2\/media\/89049"}],"wp:attachment":[{"href":"https:\/\/sunsea.net.ar\/s\/wp-json\/wp\/v2\/media?parent=89048"}],"wp:term":[{"taxonomy":"product_brand","embeddable":true,"href":"https:\/\/sunsea.net.ar\/s\/wp-json\/wp\/v2\/product_brand?post=89048"},{"taxonomy":"product_cat","embeddable":true,"href":"https:\/\/sunsea.net.ar\/s\/wp-json\/wp\/v2\/product_cat?post=89048"},{"taxonomy":"product_tag","embeddable":true,"href":"https:\/\/sunsea.net.ar\/s\/wp-json\/wp\/v2\/product_tag?post=89048"}],"curies":[{"name":"wp","href":"https:\/\/api.w.org\/{rel}","templated":true}]}}