{"id":88915,"date":"2026-03-05T04:26:01","date_gmt":"2026-03-05T07:26:01","guid":{"rendered":"https:\/\/sunsea.net.ar\/s\/?post_type=product&#038;p=88915"},"modified":"2026-04-30T08:43:13","modified_gmt":"2026-04-30T11:43:13","slug":"pantalon-recto-scuba-con-bolsillos-laterales-elastico-en-cintura-y-cordon-print","status":"publish","type":"product","link":"https:\/\/sunsea.net.ar\/s\/product\/pantalon-recto-scuba-con-bolsillos-laterales-elastico-en-cintura-y-cordon-print\/","title":{"rendered":"Pantal\u00f3n recto scuba con bolsillos laterales, el\u00e1stico en cintura y cord\u00f3n &#8211; PRINT"},"content":{"rendered":"","protected":false},"excerpt":{"rendered":"","protected":false},"featured_media":88907,"comment_status":"open","ping_status":"closed","template":"","meta":[],"product_brand":[],"product_cat":[69,52],"product_tag":[],"class_list":{"0":"post-88915","1":"product","2":"type-product","3":"status-publish","4":"has-post-thumbnail","6":"product_cat-calzas-pantalones","7":"product_cat-tiempo-libre","9":"first","10":"instock","11":"shipping-taxable","12":"purchasable","13":"product-type-variable"},"_links":{"self":[{"href":"https:\/\/sunsea.net.ar\/s\/wp-json\/wp\/v2\/product\/88915","targetHints":{"allow":["GET"]}}],"collection":[{"href":"https:\/\/sunsea.net.ar\/s\/wp-json\/wp\/v2\/product"}],"about":[{"href":"https:\/\/sunsea.net.ar\/s\/wp-json\/wp\/v2\/types\/product"}],"replies":[{"embeddable":true,"href":"https:\/\/sunsea.net.ar\/s\/wp-json\/wp\/v2\/comments?post=88915"}],"wp:featuredmedia":[{"embeddable":true,"href":"https:\/\/sunsea.net.ar\/s\/wp-json\/wp\/v2\/media\/88907"}],"wp:attachment":[{"href":"https:\/\/sunsea.net.ar\/s\/wp-json\/wp\/v2\/media?parent=88915"}],"wp:term":[{"taxonomy":"product_brand","embeddable":true,"href":"https:\/\/sunsea.net.ar\/s\/wp-json\/wp\/v2\/product_brand?post=88915"},{"taxonomy":"product_cat","embeddable":true,"href":"https:\/\/sunsea.net.ar\/s\/wp-json\/wp\/v2\/product_cat?post=88915"},{"taxonomy":"product_tag","embeddable":true,"href":"https:\/\/sunsea.net.ar\/s\/wp-json\/wp\/v2\/product_tag?post=88915"}],"curies":[{"name":"wp","href":"https:\/\/api.w.org\/{rel}","templated":true}]}}