{"id":87581,"date":"2025-12-22T17:03:00","date_gmt":"2025-12-22T20:03:00","guid":{"rendered":"https:\/\/sunsea.net.ar\/s\/?post_type=product&#038;p=87581"},"modified":"2026-05-04T15:39:47","modified_gmt":"2026-05-04T18:39:47","slug":"pantalon-palazzo-rustico-ancho-con-elastico-en-cintura-recortes-laterales-y-broches","status":"publish","type":"product","link":"https:\/\/sunsea.net.ar\/s\/product\/pantalon-palazzo-rustico-ancho-con-elastico-en-cintura-recortes-laterales-y-broches\/","title":{"rendered":"Pantal\u00f3n palazzo r\u00fastico ancho con el\u00e1stico en cintura, recortes laterales y broches &#8211; VARIEDAD DE COLORES DISPONIBLES"},"content":{"rendered":"","protected":false},"excerpt":{"rendered":"","protected":false},"featured_media":88656,"comment_status":"open","ping_status":"closed","template":"","meta":[],"product_brand":[],"product_cat":[51,52,69],"product_tag":[],"class_list":{"0":"post-87581","1":"product","2":"type-product","3":"status-publish","4":"has-post-thumbnail","6":"product_cat-by-cinthia-fernandez","7":"product_cat-tiempo-libre","8":"product_cat-calzas-pantalones","10":"first","11":"instock","12":"shipping-taxable","13":"purchasable","14":"product-type-variable"},"_links":{"self":[{"href":"https:\/\/sunsea.net.ar\/s\/wp-json\/wp\/v2\/product\/87581","targetHints":{"allow":["GET"]}}],"collection":[{"href":"https:\/\/sunsea.net.ar\/s\/wp-json\/wp\/v2\/product"}],"about":[{"href":"https:\/\/sunsea.net.ar\/s\/wp-json\/wp\/v2\/types\/product"}],"replies":[{"embeddable":true,"href":"https:\/\/sunsea.net.ar\/s\/wp-json\/wp\/v2\/comments?post=87581"}],"wp:featuredmedia":[{"embeddable":true,"href":"https:\/\/sunsea.net.ar\/s\/wp-json\/wp\/v2\/media\/88656"}],"wp:attachment":[{"href":"https:\/\/sunsea.net.ar\/s\/wp-json\/wp\/v2\/media?parent=87581"}],"wp:term":[{"taxonomy":"product_brand","embeddable":true,"href":"https:\/\/sunsea.net.ar\/s\/wp-json\/wp\/v2\/product_brand?post=87581"},{"taxonomy":"product_cat","embeddable":true,"href":"https:\/\/sunsea.net.ar\/s\/wp-json\/wp\/v2\/product_cat?post=87581"},{"taxonomy":"product_tag","embeddable":true,"href":"https:\/\/sunsea.net.ar\/s\/wp-json\/wp\/v2\/product_tag?post=87581"}],"curies":[{"name":"wp","href":"https:\/\/api.w.org\/{rel}","templated":true}]}}