{"id":85192,"date":"2025-09-18T20:32:47","date_gmt":"2025-09-18T23:32:47","guid":{"rendered":"https:\/\/sunsea.net.ar\/s\/?post_type=product&#038;p=85192"},"modified":"2026-04-24T21:24:34","modified_gmt":"2026-04-25T00:24:34","slug":"pantalon-rustico-recto-con-bolsillos-y-elastico-en-cintura-con-tiras-laterales-negro-con-molienda-foil","status":"publish","type":"product","link":"https:\/\/sunsea.net.ar\/s\/product\/pantalon-rustico-recto-con-bolsillos-y-elastico-en-cintura-con-tiras-laterales-negro-con-molienda-foil\/","title":{"rendered":"Pantal\u00f3n r\u00fastico recto con bolsillos y el\u00e1stico en cintura, con tiras laterales &#8211; NEGRO CON MOLIENDA FOIL"},"content":{"rendered":"","protected":false},"excerpt":{"rendered":"","protected":false},"featured_media":85193,"comment_status":"open","ping_status":"closed","template":"","meta":[],"product_brand":[],"product_cat":[52,69],"product_tag":[],"class_list":{"0":"post-85192","1":"product","2":"type-product","3":"status-publish","4":"has-post-thumbnail","6":"product_cat-tiempo-libre","7":"product_cat-calzas-pantalones","9":"first","10":"instock","11":"shipping-taxable","12":"purchasable","13":"product-type-variable"},"_links":{"self":[{"href":"https:\/\/sunsea.net.ar\/s\/wp-json\/wp\/v2\/product\/85192","targetHints":{"allow":["GET"]}}],"collection":[{"href":"https:\/\/sunsea.net.ar\/s\/wp-json\/wp\/v2\/product"}],"about":[{"href":"https:\/\/sunsea.net.ar\/s\/wp-json\/wp\/v2\/types\/product"}],"replies":[{"embeddable":true,"href":"https:\/\/sunsea.net.ar\/s\/wp-json\/wp\/v2\/comments?post=85192"}],"wp:featuredmedia":[{"embeddable":true,"href":"https:\/\/sunsea.net.ar\/s\/wp-json\/wp\/v2\/media\/85193"}],"wp:attachment":[{"href":"https:\/\/sunsea.net.ar\/s\/wp-json\/wp\/v2\/media?parent=85192"}],"wp:term":[{"taxonomy":"product_brand","embeddable":true,"href":"https:\/\/sunsea.net.ar\/s\/wp-json\/wp\/v2\/product_brand?post=85192"},{"taxonomy":"product_cat","embeddable":true,"href":"https:\/\/sunsea.net.ar\/s\/wp-json\/wp\/v2\/product_cat?post=85192"},{"taxonomy":"product_tag","embeddable":true,"href":"https:\/\/sunsea.net.ar\/s\/wp-json\/wp\/v2\/product_tag?post=85192"}],"curies":[{"name":"wp","href":"https:\/\/api.w.org\/{rel}","templated":true}]}}