{"id":14704,"date":"2020-11-12T05:23:39","date_gmt":"2020-11-12T08:23:39","guid":{"rendered":"https:\/\/sunsea.com.ar\/s\/?page_id=14704"},"modified":"2025-03-07T02:56:14","modified_gmt":"2025-03-07T05:56:14","slug":"preguntas","status":"publish","type":"page","link":"https:\/\/sunsea.net.ar\/s\/preguntas\/","title":{"rendered":""},"content":{"rendered":"\t\t<div data-elementor-type=\"wp-page\" data-elementor-id=\"14704\" class=\"elementor elementor-14704\">\n\t\t\t\t\t\t<section class=\"elementor-section elementor-top-section elementor-element elementor-element-2e5938ca elementor-section-full_width elementor-section-stretched elementor-section-height-default elementor-section-height-default\" data-id=\"2e5938ca\" data-element_type=\"section\" data-e-type=\"section\" data-settings=\"{&quot;stretch_section&quot;:&quot;section-stretched&quot;}\">\n\t\t\t\t\t\t<div class=\"elementor-container elementor-column-gap-no\">\n\t\t\t\t\t<div class=\"elementor-column elementor-col-100 elementor-top-column elementor-element elementor-element-156aedf8\" data-id=\"156aedf8\" data-element_type=\"column\" data-e-type=\"column\" data-settings=\"{&quot;background_background&quot;:&quot;classic&quot;}\">\n\t\t\t<div class=\"elementor-widget-wrap elementor-element-populated\">\n\t\t\t\t\t\t<div class=\"elementor-element elementor-element-10f97957 elementor-widget elementor-widget-heading\" data-id=\"10f97957\" data-element_type=\"widget\" data-e-type=\"widget\" data-widget_type=\"heading.default\">\n\t\t\t\t<div class=\"elementor-widget-container\">\n\t\t\t\t\t<h2 class=\"elementor-heading-title elementor-size-default\">PREGUNTAS FRECUENTES<\/h2>\t\t\t\t<\/div>\n\t\t\t\t<\/div>\n\t\t\t\t\t<\/div>\n\t\t<\/div>\n\t\t\t\t\t<\/div>\n\t\t<\/section>\n\t\t\t\t<section class=\"elementor-section elementor-top-section elementor-element elementor-element-4a697e55 elementor-section-content-middle elementor-section-boxed elementor-section-height-default elementor-section-height-default\" data-id=\"4a697e55\" data-element_type=\"section\" data-e-type=\"section\">\n\t\t\t\t\t\t<div class=\"elementor-container elementor-column-gap-no\">\n\t\t\t\t\t<div class=\"elementor-column elementor-col-100 elementor-top-column elementor-element elementor-element-3b832c59\" data-id=\"3b832c59\" data-element_type=\"column\" data-e-type=\"column\">\n\t\t\t<div class=\"elementor-widget-wrap elementor-element-populated\">\n\t\t\t\t\t\t<div class=\"elementor-element elementor-element-1e9b111c elementor-widget elementor-widget-toggle\" data-id=\"1e9b111c\" data-element_type=\"widget\" data-e-type=\"widget\" data-widget_type=\"toggle.default\">\n\t\t\t\t<div class=\"elementor-widget-container\">\n\t\t\t\t\t\t\t<div class=\"elementor-toggle\">\n\t\t\t\t\t\t\t<div class=\"elementor-toggle-item\">\n\t\t\t\t\t<div id=\"elementor-tab-title-5131\" class=\"elementor-tab-title\" data-tab=\"1\" role=\"button\" aria-controls=\"elementor-tab-content-5131\" aria-expanded=\"false\">\n\t\t\t\t\t\t\t\t\t\t\t\t<span class=\"elementor-toggle-icon elementor-toggle-icon-right\" aria-hidden=\"true\">\n\t\t\t\t\t\t\t\t\t\t\t\t\t\t\t<span class=\"elementor-toggle-icon-closed\"><i class=\"fas fa-caret-right\"><\/i><\/span>\n\t\t\t\t\t\t\t\t<span class=\"elementor-toggle-icon-opened\"><i class=\"elementor-toggle-icon-opened fas fa-caret-up\"><\/i><\/span>\n\t\t\t\t\t\t\t\t\t\t\t\t\t<\/span>\n\t\t\t\t\t\t\t\t\t\t\t\t<a class=\"elementor-toggle-title\" tabindex=\"0\">COMO PUEDO HACER PARA COMPRAR LOS PRODUCTOS DE LA MARCA?<\/a>\n\t\t\t\t\t<\/div>\n\n\t\t\t\t\t<div id=\"elementor-tab-content-5131\" class=\"elementor-tab-content elementor-clearfix\" data-tab=\"1\" role=\"region\" aria-labelledby=\"elementor-tab-title-5131\"><p>En primer lugar, es importante aclarar que la marca SUNSEA se comercializa mediante el canal mayorista a trav\u00e9s de distintos clientes con locales multimarca. Es parte de nuestra filosof\u00eda, cuidar y respetar siempre a nuestros clientes actuales, por ello hay determinadas localidades donde ya no podemos abrir nuevas cuentas.<\/p><p>Para aquellos que est\u00e9n por abrir alg\u00fan local y est\u00e9n interesados en incorporar nuestra marca, les pedimos enviar sus datos e informaci\u00f3n a <a href=\"mailto:ventas@sunsea.com.ar\">ventas@sunsea.com.ar<\/a><\/p><p>Para aquellos que est\u00e9n interesados en comprar los productos para uso personal en el canal minorista, pueden acceder a la opci\u00f3n de compra online y en el men\u00fa E-SHOP y seguir los pasos indicados para tal fin. O bien contactarse con alguno de los locales que venden nuestros productos y se encuentren ubicado cerca de tu domicilio.<\/p><p><u>IMPORTANTE:<\/u> Nuestra marca no se comercializa por cat\u00e1logo. S\u00f3lo atendemos directamente de f\u00e1brica a clientes con locales al p\u00fablico, y en aquellas localidades donde no tengamos ning\u00fan cliente; podr\u00edamos tambi\u00e9n atender <\/p><\/div>\n\t\t\t\t<\/div>\n\t\t\t\t\t\t\t\t<\/div>\n\t\t\t\t\t\t<\/div>\n\t\t\t\t<\/div>\n\t\t\t\t<div class=\"elementor-element elementor-element-f2fc194 elementor-widget elementor-widget-toggle\" data-id=\"f2fc194\" data-element_type=\"widget\" data-e-type=\"widget\" data-widget_type=\"toggle.default\">\n\t\t\t\t<div class=\"elementor-widget-container\">\n\t\t\t\t\t\t\t<div class=\"elementor-toggle\">\n\t\t\t\t\t\t\t<div class=\"elementor-toggle-item\">\n\t\t\t\t\t<div id=\"elementor-tab-title-2541\" class=\"elementor-tab-title\" data-tab=\"1\" role=\"button\" aria-controls=\"elementor-tab-content-2541\" aria-expanded=\"false\">\n\t\t\t\t\t\t\t\t\t\t\t\t<span class=\"elementor-toggle-icon elementor-toggle-icon-right\" aria-hidden=\"true\">\n\t\t\t\t\t\t\t\t\t\t\t\t\t\t\t<span class=\"elementor-toggle-icon-closed\"><i class=\"fas fa-caret-right\"><\/i><\/span>\n\t\t\t\t\t\t\t\t<span class=\"elementor-toggle-icon-opened\"><i class=\"elementor-toggle-icon-opened fas fa-caret-up\"><\/i><\/span>\n\t\t\t\t\t\t\t\t\t\t\t\t\t<\/span>\n\t\t\t\t\t\t\t\t\t\t\t\t<a class=\"elementor-toggle-title\" tabindex=\"0\">PUEDO HACER COMPRAS POR MENOR?<\/a>\n\t\t\t\t\t<\/div>\n\n\t\t\t\t\t<div id=\"elementor-tab-content-2541\" class=\"elementor-tab-content elementor-clearfix\" data-tab=\"1\" role=\"region\" aria-labelledby=\"elementor-tab-title-2541\"><p>Eleg\u00ed todo lo que te guste y encargalo en el talle que prefieras. No hay l\u00edmite y no es un favor. Trabajamos una gran variedad de talles, y pod\u00e9s armar tu bikini o conjunto como m\u00e1s te guste.<\/p><\/div>\n\t\t\t\t<\/div>\n\t\t\t\t\t\t\t\t<\/div>\n\t\t\t\t\t\t<\/div>\n\t\t\t\t<\/div>\n\t\t\t\t<div class=\"elementor-element elementor-element-85bca0d elementor-widget elementor-widget-toggle\" data-id=\"85bca0d\" data-element_type=\"widget\" data-e-type=\"widget\" data-widget_type=\"toggle.default\">\n\t\t\t\t<div class=\"elementor-widget-container\">\n\t\t\t\t\t\t\t<div class=\"elementor-toggle\">\n\t\t\t\t\t\t\t<div class=\"elementor-toggle-item\">\n\t\t\t\t\t<div id=\"elementor-tab-title-1401\" class=\"elementor-tab-title\" data-tab=\"1\" role=\"button\" aria-controls=\"elementor-tab-content-1401\" aria-expanded=\"false\">\n\t\t\t\t\t\t\t\t\t\t\t\t<span class=\"elementor-toggle-icon elementor-toggle-icon-right\" aria-hidden=\"true\">\n\t\t\t\t\t\t\t\t\t\t\t\t\t\t\t<span class=\"elementor-toggle-icon-closed\"><i class=\"fas fa-caret-right\"><\/i><\/span>\n\t\t\t\t\t\t\t\t<span class=\"elementor-toggle-icon-opened\"><i class=\"elementor-toggle-icon-opened fas fa-caret-up\"><\/i><\/span>\n\t\t\t\t\t\t\t\t\t\t\t\t\t<\/span>\n\t\t\t\t\t\t\t\t\t\t\t\t<a class=\"elementor-toggle-title\" tabindex=\"0\">CUALES SON LAS MEDIDAS O PROPORCIONES DE CADA TALLE?<\/a>\n\t\t\t\t\t<\/div>\n\n\t\t\t\t\t<div id=\"elementor-tab-content-1401\" class=\"elementor-tab-content elementor-clearfix\" data-tab=\"1\" role=\"region\" aria-labelledby=\"elementor-tab-title-1401\">Nuestras prendas est\u00e1n confeccionadas en funci\u00f3n a la siguiente tabla de medidas: <a href=\"https:\/\/sunsea.net.ar\/s\/talles\/\">TALLES.<\/a> para que no existan errores, as\u00ed podes comprar online s\u00faper tranqui.<\/div>\n\t\t\t\t<\/div>\n\t\t\t\t\t\t\t\t<\/div>\n\t\t\t\t\t\t<\/div>\n\t\t\t\t<\/div>\n\t\t\t\t<div class=\"elementor-element elementor-element-0efd002 elementor-widget elementor-widget-toggle\" data-id=\"0efd002\" data-element_type=\"widget\" data-e-type=\"widget\" data-widget_type=\"toggle.default\">\n\t\t\t\t<div class=\"elementor-widget-container\">\n\t\t\t\t\t\t\t<div class=\"elementor-toggle\">\n\t\t\t\t\t\t\t<div class=\"elementor-toggle-item\">\n\t\t\t\t\t<div id=\"elementor-tab-title-1571\" class=\"elementor-tab-title\" data-tab=\"1\" role=\"button\" aria-controls=\"elementor-tab-content-1571\" aria-expanded=\"false\">\n\t\t\t\t\t\t\t\t\t\t\t\t<span class=\"elementor-toggle-icon elementor-toggle-icon-right\" aria-hidden=\"true\">\n\t\t\t\t\t\t\t\t\t\t\t\t\t\t\t<span class=\"elementor-toggle-icon-closed\"><i class=\"fas fa-caret-right\"><\/i><\/span>\n\t\t\t\t\t\t\t\t<span class=\"elementor-toggle-icon-opened\"><i class=\"elementor-toggle-icon-opened fas fa-caret-up\"><\/i><\/span>\n\t\t\t\t\t\t\t\t\t\t\t\t\t<\/span>\n\t\t\t\t\t\t\t\t\t\t\t\t<a class=\"elementor-toggle-title\" tabindex=\"0\">como me llega la mercader\u00eda?<\/a>\n\t\t\t\t\t<\/div>\n\n\t\t\t\t\t<div id=\"elementor-tab-content-1571\" class=\"elementor-tab-content elementor-clearfix\" data-tab=\"1\" role=\"region\" aria-labelledby=\"elementor-tab-title-1571\"><p>Si sos de ROSARIO no pagues el env\u00edo de OCA, pone la opci\u00f3n retiro a coordinar, en punto de entrega. O tambi\u00e9n podemos enviarte un CADETE que tiene un variable (Consultar)<br \/>Si sos de cualquier otra parte del pa\u00eds, env\u00edos con OCA. <br \/>Si sos de otro pa\u00eds, bienvenido, pueden comprar con la opci\u00f3n ENV\u00cdO INTERNACIONAL, h\u00e1blennos por mail para consultar como hacer.<\/p><\/div>\n\t\t\t\t<\/div>\n\t\t\t\t\t\t\t\t<\/div>\n\t\t\t\t\t\t<\/div>\n\t\t\t\t<\/div>\n\t\t\t\t<div class=\"elementor-element elementor-element-2daf294 elementor-widget elementor-widget-toggle\" data-id=\"2daf294\" data-element_type=\"widget\" data-e-type=\"widget\" data-widget_type=\"toggle.default\">\n\t\t\t\t<div class=\"elementor-widget-container\">\n\t\t\t\t\t\t\t<div class=\"elementor-toggle\">\n\t\t\t\t\t\t\t<div class=\"elementor-toggle-item\">\n\t\t\t\t\t<div id=\"elementor-tab-title-4791\" class=\"elementor-tab-title\" data-tab=\"1\" role=\"button\" aria-controls=\"elementor-tab-content-4791\" aria-expanded=\"false\">\n\t\t\t\t\t\t\t\t\t\t\t\t<span class=\"elementor-toggle-icon elementor-toggle-icon-right\" aria-hidden=\"true\">\n\t\t\t\t\t\t\t\t\t\t\t\t\t\t\t<span class=\"elementor-toggle-icon-closed\"><i class=\"fas fa-caret-right\"><\/i><\/span>\n\t\t\t\t\t\t\t\t<span class=\"elementor-toggle-icon-opened\"><i class=\"elementor-toggle-icon-opened fas fa-caret-up\"><\/i><\/span>\n\t\t\t\t\t\t\t\t\t\t\t\t\t<\/span>\n\t\t\t\t\t\t\t\t\t\t\t\t<a class=\"elementor-toggle-title\" tabindex=\"0\">QUE RECOMENDACIONES SUGIEREN PARA EL CUIDADO Y CORRECTO USO DE LAS BIKINIS?<\/a>\n\t\t\t\t\t<\/div>\n\n\t\t\t\t\t<div id=\"elementor-tab-content-4791\" class=\"elementor-tab-content elementor-clearfix\" data-tab=\"1\" role=\"region\" aria-labelledby=\"elementor-tab-title-4791\"><p>El uso prolongado en piscinas e hidromasaje disminuye la durabilidad de la prenda. La Lycra es una fibra m\u00e1s confortable y suave, pero es tambi\u00e9n m\u00e1s sensible y exige cuidados especiales. La exposici\u00f3n prolongada al sol altera y decolora la prenda.<\/p><ul><li>Las prendas con procesos artesanales requieren cuidados extremos.<\/li><li>Por todo ello, recomendamos a nuestros clientes:<\/li><li>Lavar a mano con jab\u00f3n neutro y agua fr\u00eda cada una de nuestras prendas<\/li><li>No utilizar lavarropas o secarropas.<\/li><li>No usar agua caliente<\/li><li>No retorcer<\/li><li>No dejar en remojo<\/li><li>No Secar al sol<\/li><li>No planchar las prendas<\/li><li>Evite el contacto con Solventes, cosm\u00e9ticos, bronceadores o productos qu\u00edmicos.<\/li><li>Evite el contacto con superficies \u00e1speras<\/li><li>Evite juntar prendas h\u00famedas de distinto color en una misma bolsa pl\u00e1stica, paquete o enrollar en una toalla clara.<\/li><\/ul><\/div>\n\t\t\t\t<\/div>\n\t\t\t\t\t\t\t\t<\/div>\n\t\t\t\t\t\t<\/div>\n\t\t\t\t<\/div>\n\t\t\t\t<div class=\"elementor-element elementor-element-2965e21 elementor-widget elementor-widget-toggle\" data-id=\"2965e21\" data-element_type=\"widget\" data-e-type=\"widget\" data-widget_type=\"toggle.default\">\n\t\t\t\t<div class=\"elementor-widget-container\">\n\t\t\t\t\t\t\t<div class=\"elementor-toggle\">\n\t\t\t\t\t\t\t<div class=\"elementor-toggle-item\">\n\t\t\t\t\t<div id=\"elementor-tab-title-4341\" class=\"elementor-tab-title\" data-tab=\"1\" role=\"button\" aria-controls=\"elementor-tab-content-4341\" aria-expanded=\"false\">\n\t\t\t\t\t\t\t\t\t\t\t\t<span class=\"elementor-toggle-icon elementor-toggle-icon-right\" aria-hidden=\"true\">\n\t\t\t\t\t\t\t\t\t\t\t\t\t\t\t<span class=\"elementor-toggle-icon-closed\"><i class=\"fas fa-caret-right\"><\/i><\/span>\n\t\t\t\t\t\t\t\t<span class=\"elementor-toggle-icon-opened\"><i class=\"elementor-toggle-icon-opened fas fa-caret-up\"><\/i><\/span>\n\t\t\t\t\t\t\t\t\t\t\t\t\t<\/span>\n\t\t\t\t\t\t\t\t\t\t\t\t<a class=\"elementor-toggle-title\" tabindex=\"0\">REALIZAN CAMBIOS DE LAS PRENDAS??<\/a>\n\t\t\t\t\t<\/div>\n\n\t\t\t\t\t<div id=\"elementor-tab-content-4341\" class=\"elementor-tab-content elementor-clearfix\" data-tab=\"1\" role=\"region\" aria-labelledby=\"elementor-tab-title-4341\">Admitimos un cambio en caso que tu prenda no haya quedado bien, pero invitamos a que consulten nuestras tablas de  <a href=\"https:\/\/sunsea.net.ar\/s\/talles\/\">TALLES<\/a> para una mayor precisi\u00f3n en el pedido. La marca garantiza la calidad de cada uno de sus productos, y s\u00f3lo acepta cambios de alguna prenda, en casos donde sea evidente una falla en la confecci\u00f3n o calidad de la tela o alg\u00fan componente. Le sugerimos primero siempre hacer el reclamo en el local donde adquiri\u00f3 nuestro producto. En caso de no tener una respuesta favorable, enviar un correo a <a href=\"mailto:ventas@sunsea.com.ar\">ventas@sunsea.com.ar<\/a> Estaremos atendiendo su consulta y reclamo a la brevedad.\n\nLas\u00a0prendas devueltas deben cumplir los siguientes requisitos:\n<ul>\n \t<li><strong><em>La devoluci\u00f3n de las prendas debe realizarse dentro de los 30 d\u00edas de haber recibido el pedido.<\/em><\/strong><\/li>\n \t<li><strong><em>Las prendas deben encontrarse sin uso, sin perfumes, sin manchas y sin haberse lavado.<\/em><\/strong><\/li>\n \t<li><strong><em>Cada prenda debe contar con su etiqueta adherida y encontrarse en su paquete correspondiente.<\/em><\/strong><\/li>\n \t<li><strong><em>Los productos adquiridos en sale u otras promociones no tienen cambio ni devoluci\u00f3n.<\/em><\/strong><\/li>\n<\/ul>\n<ul>\n \t<li>Las prendas con procesos artesanales requieren cuidados extremos.<\/li>\n \t<li>Por todo ello, recomendamos a nuestros clientes:<\/li>\n \t<li>Lavar a mano con jab\u00f3n neutro y agua fr\u00eda cada una de nuestras prendas<\/li>\n \t<li>No utilizar lavarropas o secarropas.<\/li>\n \t<li>No usar agua caliente<\/li>\n \t<li>No retorcer<\/li>\n \t<li>No dejar en remojo<\/li>\n \t<li>No Secar al sol<\/li>\n \t<li>No planchar las prendas<\/li>\n \t<li>Evite el contacto con Solventes, cosm\u00e9ticos, bronceadores o productos qu\u00edmicos.<\/li>\n \t<li>Evite el contacto con superficies \u00e1speras<\/li>\n \t<li>Evite juntar prendas h\u00famedas de distinto color en una misma bolsa pl\u00e1stica, paquete o enrollar en una toalla clara.<\/li>\n<\/ul><\/div>\n\t\t\t\t<\/div>\n\t\t\t\t\t\t\t\t<\/div>\n\t\t\t\t\t\t<\/div>\n\t\t\t\t<\/div>\n\t\t\t\t<div class=\"elementor-element elementor-element-400ac93 elementor-widget elementor-widget-toggle\" data-id=\"400ac93\" data-element_type=\"widget\" data-e-type=\"widget\" data-widget_type=\"toggle.default\">\n\t\t\t\t<div class=\"elementor-widget-container\">\n\t\t\t\t\t\t\t<div class=\"elementor-toggle\">\n\t\t\t\t\t\t\t<div class=\"elementor-toggle-item\">\n\t\t\t\t\t<div id=\"elementor-tab-title-6711\" class=\"elementor-tab-title\" data-tab=\"1\" role=\"button\" aria-controls=\"elementor-tab-content-6711\" aria-expanded=\"false\">\n\t\t\t\t\t\t\t\t\t\t\t\t<span class=\"elementor-toggle-icon elementor-toggle-icon-right\" aria-hidden=\"true\">\n\t\t\t\t\t\t\t\t\t\t\t\t\t\t\t<span class=\"elementor-toggle-icon-closed\"><i class=\"fas fa-caret-right\"><\/i><\/span>\n\t\t\t\t\t\t\t\t<span class=\"elementor-toggle-icon-opened\"><i class=\"elementor-toggle-icon-opened fas fa-caret-up\"><\/i><\/span>\n\t\t\t\t\t\t\t\t\t\t\t\t\t<\/span>\n\t\t\t\t\t\t\t\t\t\t\t\t<a class=\"elementor-toggle-title\" tabindex=\"0\">INFORMACI\u00d3N \u00daTIL<\/a>\n\t\t\t\t\t<\/div>\n\n\t\t\t\t\t<div id=\"elementor-tab-content-6711\" class=\"elementor-tab-content elementor-clearfix\" data-tab=\"1\" role=\"region\" aria-labelledby=\"elementor-tab-title-6711\"><p>Las fotos de los productos son realizadas de modo que se luzca lo mejor posible la penda y detalles, tanto las diferentes pantallas de celulares como monitores de PC, alteran luz y color de los productos, por lo que las diferencias que se perciben en la digitalizaci\u00f3n de los productos pueden existir. Las fotos son una representaci\u00f3n del producto.<\/p><\/div>\n\t\t\t\t<\/div>\n\t\t\t\t\t\t\t\t<\/div>\n\t\t\t\t\t\t<\/div>\n\t\t\t\t<\/div>\n\t\t\t\t\t<\/div>\n\t\t<\/div>\n\t\t\t\t\t<\/div>\n\t\t<\/section>\n\t\t\t\t<\/div>\n\t\t","protected":false},"excerpt":{"rendered":"<p>PREGUNTAS FRECUENTES COMO PUEDO HACER PARA COMPRAR LOS PRODUCTOS DE&hellip;<\/p>\n<p> <a class=\"more-link\" href=\"https:\/\/sunsea.net.ar\/s\/preguntas\/\">Leer m\u00e1s<\/a><\/p>\n","protected":false},"author":2,"featured_media":0,"parent":0,"menu_order":0,"comment_status":"closed","ping_status":"closed","template":"","meta":{"footnotes":""},"class_list":["post-14704","page","type-page","status-publish"],"_links":{"self":[{"href":"https:\/\/sunsea.net.ar\/s\/wp-json\/wp\/v2\/pages\/14704","targetHints":{"allow":["GET"]}}],"collection":[{"href":"https:\/\/sunsea.net.ar\/s\/wp-json\/wp\/v2\/pages"}],"about":[{"href":"https:\/\/sunsea.net.ar\/s\/wp-json\/wp\/v2\/types\/page"}],"author":[{"embeddable":true,"href":"https:\/\/sunsea.net.ar\/s\/wp-json\/wp\/v2\/users\/2"}],"replies":[{"embeddable":true,"href":"https:\/\/sunsea.net.ar\/s\/wp-json\/wp\/v2\/comments?post=14704"}],"version-history":[{"count":18,"href":"https:\/\/sunsea.net.ar\/s\/wp-json\/wp\/v2\/pages\/14704\/revisions"}],"predecessor-version":[{"id":79987,"href":"https:\/\/sunsea.net.ar\/s\/wp-json\/wp\/v2\/pages\/14704\/revisions\/79987"}],"wp:attachment":[{"href":"https:\/\/sunsea.net.ar\/s\/wp-json\/wp\/v2\/media?parent=14704"}],"curies":[{"name":"wp","href":"https:\/\/api.w.org\/{rel}","templated":true}]}}